{"id":1716,"date":"2021-10-12T21:23:01","date_gmt":"2021-10-12T21:23:01","guid":{"rendered":"https:\/\/alta.volta.nom.br\/novosite\/?page_id=1716"},"modified":"2021-10-12T21:23:56","modified_gmt":"2021-10-12T21:23:56","slug":"politica-de-privacidade","status":"publish","type":"page","link":"https:\/\/alta.volta.nom.br\/politica-de-privacidade\/","title":{"rendered":"Pol\u00edtica de privacidade"},"content":{"rendered":"\t\t<div data-elementor-type=\"wp-page\" data-elementor-id=\"1716\" class=\"elementor elementor-1716\">\n\t\t\t\t\t\t<section class=\"elementor-section elementor-top-section elementor-element elementor-element-b3f7adb elementor-section-boxed elementor-section-height-default elementor-section-height-default\" data-id=\"b3f7adb\" data-element_type=\"section\" data-e-type=\"section\">\n\t\t\t\t\t\t<div class=\"elementor-container elementor-column-gap-default\">\n\t\t\t\t\t<div class=\"elementor-column elementor-col-100 elementor-top-column elementor-element elementor-element-f1ce8ce\" data-id=\"f1ce8ce\" data-element_type=\"column\" data-e-type=\"column\">\n\t\t\t<div class=\"elementor-widget-wrap elementor-element-populated\">\n\t\t\t\t\t\t<div class=\"elementor-element elementor-element-6784064 elementor-widget elementor-widget-text-editor\" data-id=\"6784064\" data-element_type=\"widget\" data-e-type=\"widget\" data-widget_type=\"text-editor.default\">\n\t\t\t\t\t\t\t\t\t<h1><span style=\"color: #ffffff;\"><b>I &#8211;<\/b><span style=\"font-weight: 400;\"> Pol\u00edtica de Privacidade do <\/span><b>Alta Volta Tattoo &amp; Piercing<\/b><\/span><\/h1><p><span style=\"font-weight: 400; color: #ffffff;\">Este Site recolhe alguns Dados Pessoais dos Usu\u00e1rios.<\/span><\/p><h2><span style=\"color: #ffffff;\"><b>Os Dados Pessoais s\u00e3o coletados para os seguintes prop\u00f3sitos e usando os seguintes servi\u00e7os:<\/b><\/span><\/h2><ul><li style=\"font-weight: 400;\" aria-level=\"2\"><span style=\"color: #ffffff;\"><b>Contatar o Usu\u00e1rio<\/b><\/span><ul><li style=\"font-weight: 400;\" aria-level=\"3\"><span style=\"color: #ffffff;\"><b>Formul\u00e1rio de contato<\/b><b><br \/><\/b><span style=\"font-weight: 400;\">Dados Pessoais: CEP\/c\u00f3digo postal; cidade; data de nascimento; e-mail; endere\u00e7o; estado; ID do Usu\u00e1rio; munic\u00edpio; nome; n\u00famero de telefone; pa\u00eds; sobrenome; v\u00e1rios tipos de Dados<\/span><\/span><\/li><\/ul><\/li><li style=\"font-weight: 400;\" aria-level=\"2\"><span style=\"color: #ffffff;\"><b>Estat\u00edsticas<\/b><\/span><ul><li style=\"font-weight: 400;\" aria-level=\"3\"><span style=\"color: #ffffff;\"><b>Google Analytics<\/b><b><br \/><\/b><span style=\"font-weight: 400;\">Dados Pessoais: Cookies; Dados de uso<\/span><\/span><\/li><li style=\"font-weight: 400;\" aria-level=\"3\"><span style=\"color: #ffffff;\"><b>Relat\u00f3rios Demogr\u00e1ficos e de Interesses do Google Analytics<\/b><b><br \/><\/b><span style=\"font-weight: 400;\">Dados Pessoais: Cookies; identifica\u00e7\u00e3o do dispositivo exclusivo para publicidade (ID ou IDFA do Google Advertiser, por exemplo)<\/span><\/span><\/li><\/ul><\/li><li style=\"font-weight: 400;\" aria-level=\"2\"><span style=\"color: #ffffff;\"><b>Gerenciamento de contactos e envio de mensagens<\/b><\/span><ul><li style=\"font-weight: 400;\" aria-level=\"3\"><span style=\"color: #ffffff;\"><b>Amazon Simple Email Service<\/b><b><br \/><\/b><span style=\"font-weight: 400;\">Dados Pessoais: e-mail<\/span><\/span><\/li><\/ul><\/li><li style=\"font-weight: 400;\" aria-level=\"2\"><span style=\"color: #ffffff;\"><b>Hospedagem e infraestrutura de backend<\/b><\/span><ul><li style=\"font-weight: 400;\" aria-level=\"3\"><span style=\"color: #ffffff;\"><b>Amazon Web Services (AWS)<\/b><b><br \/><\/b><span style=\"font-weight: 400;\">Dados Pessoais: v\u00e1rios tipos de Dados como especificados na pol\u00edtica de privacidade do servi\u00e7o<\/span><\/span><\/li><\/ul><\/li><li style=\"font-weight: 400;\" aria-level=\"2\"><span style=\"color: #ffffff;\"><b>Monitoramento de infraestrutura<\/b><\/span><ul><li style=\"font-weight: 400;\" aria-level=\"3\"><span style=\"color: #ffffff;\"><b>StatusCake<\/b><b><br \/><\/b><span style=\"font-weight: 400;\">Dados Pessoais: Cookies; Dados de uso<\/span><\/span><\/li><\/ul><\/li><li style=\"font-weight: 400;\" aria-level=\"2\"><span style=\"color: #ffffff;\"><b>Processamento de pagamentos<\/b><\/span><ul><li style=\"font-weight: 400;\" aria-level=\"3\"><span style=\"color: #ffffff;\"><b>Paypal<\/b><b><br \/><\/b><span style=\"font-weight: 400;\">Dados Pessoais: v\u00e1rios tipos de Dados como especificados na pol\u00edtica de privacidade do servi\u00e7o<\/span><\/span><\/li><\/ul><\/li><li style=\"font-weight: 400;\" aria-level=\"2\"><span style=\"color: #ffffff;\"><b>Transfer\u00eancia de dados para fora da UE<\/b><\/span><ul><li style=\"font-weight: 400;\" aria-level=\"3\"><span style=\"color: #ffffff;\"><b>Transfer\u00eancias de Dados para pa\u00edses que garantam os padr\u00f5es europeus<\/b><b><br \/><\/b><span style=\"font-weight: 400;\">Dados Pessoais: v\u00e1rios tipos de Dados<\/span><\/span><\/li><\/ul><\/li><li style=\"font-weight: 400;\" aria-level=\"2\"><span style=\"color: #ffffff;\"><b>Visualizar conte\u00fado de plataformas externas<\/b><\/span><ul><li style=\"font-weight: 400;\" aria-level=\"3\"><span style=\"color: #ffffff;\"><b>Google Maps widget<\/b><b><br \/><\/b><span style=\"font-weight: 400;\">Dados Pessoais: Cookies; Dados de uso<\/span><\/span><\/li><li style=\"font-weight: 400;\" aria-level=\"3\"><span style=\"color: #ffffff;\"><b>Font Awesome<\/b><b><br \/><\/b><span style=\"font-weight: 400;\">Dados Pessoais: Dados de uso<\/span><\/span><\/li><li style=\"font-weight: 400;\" aria-level=\"3\"><span style=\"color: #ffffff;\"><b>Google Fonts<\/b><b><br \/><\/b><span style=\"font-weight: 400;\">Dados Pessoais: Dados de uso; v\u00e1rios tipos de Dados como especificados na pol\u00edtica de privacidade do servi\u00e7o<\/span><\/span><\/li><\/ul><\/li><\/ul><h2><span style=\"color: #ffffff;\"><b>Informa\u00e7\u00f5es adicionais sobre os Dados Pessoais<\/b><\/span><\/h2><ul><li style=\"font-weight: 400;\" aria-level=\"2\"><span style=\"color: #ffffff;\"><b>ManageWP<\/b><b><br \/><\/b><span style=\"font-weight: 400;\">https:\/\/managewp.com\/privacy<\/span><\/span><\/li><li style=\"font-weight: 400;\" aria-level=\"2\"><span style=\"color: #ffffff;\"><b>O Servi\u00e7o n\u00e3o \u00e9 direcionado para crian\u00e7as menores de 13 anos.<\/b><b><br \/><\/b><span style=\"font-weight: 400;\">Os usu\u00e1rios declaram que s\u00e3o maiores de idade de acordo com a legisla\u00e7\u00e3o aplic\u00e1vel. Os menores podem usar este Site apenas com a assist\u00eancia de um dos pais ou respons\u00e1vel. Sob nenhuma circunst\u00e2ncia as pessoas com menos de 13 anos podem utilizar este Site.<\/span><\/span><\/li><\/ul><h2><span style=\"color: #ffffff;\"><b>Informa\u00e7\u00e3o de contato<\/b><\/span><\/h2><ul><li style=\"font-weight: 400;\" aria-level=\"2\"><span style=\"color: #ffffff;\"><b>Propriet\u00e1rio e Controlador de Dados<\/b><b><br \/><\/b><b>Alta Volta Tattoo &amp; Piercing<\/b><\/span><\/li><li style=\"font-weight: 400;\" aria-level=\"2\"><span style=\"color: #ffffff;\"><span style=\"font-weight: 400;\">Rua Jurupari \u2022 Tijuca \u2022 Rio de Janeiro \u2022 RJ \u2022 Brasil<\/span><span style=\"font-weight: 400;\"><br \/><\/span><b>E-mail de contato do Propriet\u00e1rio:<\/b> <span style=\"font-weight: 400;\">altavolta@alta.volta.nom.br<\/span><\/span><\/li><\/ul><p><span style=\"font-weight: 400; color: #ffffff;\">\u00daltima atualiza\u00e7\u00e3o: 11 de outubro de 2021<\/span><\/p><p><span style=\"color: #ffffff;\"><a style=\"color: #ffffff;\" href=\"https:\/\/www.saninternet.com\/\"><span style=\"font-weight: 400;\">A <\/span><span style=\"font-weight: 400;\">Saninternet.com <\/span><span style=\"font-weight: 400;\">hospeda este conte\u00fado e apenas coleta dados pessoais estritamente necess\u00e1rios para o fornecimento do mesmo.<\/span><\/a><\/span><\/p><p><span style=\"color: #ffffff;\"><a style=\"color: #ffffff;\" href=\"https:\/\/www.saninternet.com\/\"><span style=\"font-weight: 400;\">Mostrar a pol\u00edtica de privacidade completa<\/span><\/a><\/span><\/p>\t\t\t\t\t\t\t\t<\/div>\n\t\t\t\t\t<\/div>\n\t\t<\/div>\n\t\t\t\t\t<\/div>\n\t\t<\/section>\n\t\t\t\t<\/div>\n\t\t","protected":false},"excerpt":{"rendered":"<p>I &#8211; Pol\u00edtica de Privacidade do Alta Volta Tattoo &amp; Piercing Este Site recolhe alguns Dados Pessoais dos Usu\u00e1rios. Os Dados Pessoais s\u00e3o coletados para os seguintes prop\u00f3sitos e usando os seguintes servi\u00e7os: Contatar o Usu\u00e1rio Formul\u00e1rio de contatoDados Pessoais: CEP\/c\u00f3digo postal; cidade; data de nascimento; e-mail; endere\u00e7o; estado; ID do Usu\u00e1rio; munic\u00edpio; nome; n\u00famero [&hellip;]<\/p>\n","protected":false},"author":3,"featured_media":0,"parent":0,"menu_order":0,"comment_status":"closed","ping_status":"closed","template":"","meta":{"site-sidebar-layout":"no-sidebar","site-content-layout":"page-builder","ast-site-content-layout":"default","site-content-style":"default","site-sidebar-style":"default","ast-global-header-display":"","ast-banner-title-visibility":"","ast-main-header-display":"","ast-hfb-above-header-display":"","ast-hfb-below-header-display":"","ast-hfb-mobile-header-display":"","site-post-title":"disabled","ast-breadcrumbs-content":"","ast-featured-img":"disabled","footer-sml-layout":"","ast-disable-related-posts":"","theme-transparent-header-meta":"","adv-header-id-meta":"","stick-header-meta":"","header-above-stick-meta":"","header-main-stick-meta":"","header-below-stick-meta":"","astra-migrate-meta-layouts":"default","ast-page-background-enabled":"default","ast-page-background-meta":{"desktop":{"background-color":"var(--ast-global-color-4)","background-image":"","background-repeat":"repeat","background-position":"center center","background-size":"auto","background-attachment":"scroll","background-type":"","background-media":"","overlay-type":"","overlay-color":"","overlay-opacity":"","overlay-gradient":""},"tablet":{"background-color":"","background-image":"","background-repeat":"repeat","background-position":"center center","background-size":"auto","background-attachment":"scroll","background-type":"","background-media":"","overlay-type":"","overlay-color":"","overlay-opacity":"","overlay-gradient":""},"mobile":{"background-color":"","background-image":"","background-repeat":"repeat","background-position":"center center","background-size":"auto","background-attachment":"scroll","background-type":"","background-media":"","overlay-type":"","overlay-color":"","overlay-opacity":"","overlay-gradient":""}},"ast-content-background-meta":{"desktop":{"background-color":"var(--ast-global-color-5)","background-image":"","background-repeat":"repeat","background-position":"center center","background-size":"auto","background-attachment":"scroll","background-type":"","background-media":"","overlay-type":"","overlay-color":"","overlay-opacity":"","overlay-gradient":""},"tablet":{"background-color":"var(--ast-global-color-5)","background-image":"","background-repeat":"repeat","background-position":"center center","background-size":"auto","background-attachment":"scroll","background-type":"","background-media":"","overlay-type":"","overlay-color":"","overlay-opacity":"","overlay-gradient":""},"mobile":{"background-color":"var(--ast-global-color-5)","background-image":"","background-repeat":"repeat","background-position":"center center","background-size":"auto","background-attachment":"scroll","background-type":"","background-media":"","overlay-type":"","overlay-color":"","overlay-opacity":"","overlay-gradient":""}},"_joinchat":[],"footnotes":""},"class_list":["post-1716","page","type-page","status-publish","hentry"],"_hostinger_reach_plugin_has_subscription_block":false,"_hostinger_reach_plugin_is_elementor":false,"_links":{"self":[{"href":"https:\/\/alta.volta.nom.br\/wp-json\/wp\/v2\/pages\/1716","targetHints":{"allow":["GET"]}}],"collection":[{"href":"https:\/\/alta.volta.nom.br\/wp-json\/wp\/v2\/pages"}],"about":[{"href":"https:\/\/alta.volta.nom.br\/wp-json\/wp\/v2\/types\/page"}],"author":[{"embeddable":true,"href":"https:\/\/alta.volta.nom.br\/wp-json\/wp\/v2\/users\/3"}],"replies":[{"embeddable":true,"href":"https:\/\/alta.volta.nom.br\/wp-json\/wp\/v2\/comments?post=1716"}],"version-history":[{"count":0,"href":"https:\/\/alta.volta.nom.br\/wp-json\/wp\/v2\/pages\/1716\/revisions"}],"wp:attachment":[{"href":"https:\/\/alta.volta.nom.br\/wp-json\/wp\/v2\/media?parent=1716"}],"curies":[{"name":"wp","href":"https:\/\/api.w.org\/{rel}","templated":true}]}}